{"id":603,"date":"2018-06-29T00:32:53","date_gmt":"2018-06-28T22:32:53","guid":{"rendered":"http:\/\/gourmet-rallye.at\/?page_id=603"},"modified":"2018-06-29T09:17:54","modified_gmt":"2018-06-29T07:17:54","slug":"fotos-2018","status":"publish","type":"page","link":"https:\/\/gourmet-rallye.at\/index.php\/fotos-2018\/","title":{"rendered":"Fotos 2018"},"content":{"rendered":"<p>Ausgew\u00e4hlte Schnappsch\u00fcsse der Gourmet Rallye 2018 sind im oberen Men\u00fc zu finden!<\/p>\n<p><a href=\"http:\/\/gourmet-rallye.at\/wp-content\/uploads\/2018\/06\/GR2018GF-2.jpg\" rel=\"attachment wp-att-607\"><img decoding=\"async\" loading=\"lazy\" class=\"alignnone size-medium wp-image-607\" src=\"http:\/\/gourmet-rallye.at\/wp-content\/uploads\/2018\/06\/GR2018GF-2-300x200.jpg\" alt=\"GR2018GF-2\" width=\"300\" height=\"200\" srcset=\"https:\/\/gourmet-rallye.at\/wp-content\/uploads\/2018\/06\/GR2018GF-2-300x200.jpg 300w, https:\/\/gourmet-rallye.at\/wp-content\/uploads\/2018\/06\/GR2018GF-2-768x512.jpg 768w, https:\/\/gourmet-rallye.at\/wp-content\/uploads\/2018\/06\/GR2018GF-2-1024x683.jpg 1024w, https:\/\/gourmet-rallye.at\/wp-content\/uploads\/2018\/06\/GR2018GF-2-24x16.jpg 24w, https:\/\/gourmet-rallye.at\/wp-content\/uploads\/2018\/06\/GR2018GF-2-36x24.jpg 36w, https:\/\/gourmet-rallye.at\/wp-content\/uploads\/2018\/06\/GR2018GF-2-48x32.jpg 48w\" sizes=\"(max-width: 300px) 100vw, 300px\" \/><\/a><\/p>\n<p><em>Copyright by Michael Simlinger<\/em><\/p>\n","protected":false},"excerpt":{"rendered":"<p>Ausgew\u00e4hlte Schnappsch\u00fcsse der Gourmet Rallye 2018 sind im oberen Men\u00fc zu finden! Copyright by Michael Simlinger<\/p>\n","protected":false},"author":3,"featured_media":0,"parent":0,"menu_order":0,"comment_status":"closed","ping_status":"closed","template":"","meta":[],"_links":{"self":[{"href":"https:\/\/gourmet-rallye.at\/index.php\/wp-json\/wp\/v2\/pages\/603"}],"collection":[{"href":"https:\/\/gourmet-rallye.at\/index.php\/wp-json\/wp\/v2\/pages"}],"about":[{"href":"https:\/\/gourmet-rallye.at\/index.php\/wp-json\/wp\/v2\/types\/page"}],"author":[{"embeddable":true,"href":"https:\/\/gourmet-rallye.at\/index.php\/wp-json\/wp\/v2\/users\/3"}],"replies":[{"embeddable":true,"href":"https:\/\/gourmet-rallye.at\/index.php\/wp-json\/wp\/v2\/comments?post=603"}],"version-history":[{"count":5,"href":"https:\/\/gourmet-rallye.at\/index.php\/wp-json\/wp\/v2\/pages\/603\/revisions"}],"predecessor-version":[{"id":618,"href":"https:\/\/gourmet-rallye.at\/index.php\/wp-json\/wp\/v2\/pages\/603\/revisions\/618"}],"wp:attachment":[{"href":"https:\/\/gourmet-rallye.at\/index.php\/wp-json\/wp\/v2\/media?parent=603"}],"curies":[{"name":"wp","href":"https:\/\/api.w.org\/{rel}","templated":true}]}}