{"id":462,"date":"2017-07-07T00:10:48","date_gmt":"2017-07-06T22:10:48","guid":{"rendered":"http:\/\/gourmet-rallye.at\/?page_id=462"},"modified":"2019-12-29T16:30:35","modified_gmt":"2019-12-29T15:30:35","slug":"fotos-2017","status":"publish","type":"page","link":"https:\/\/gourmet-rallye.at\/index.php\/fotos-2017\/","title":{"rendered":"Fotos 2017"},"content":{"rendered":"<p>Die besten Fotos der 4. Internationalen Gourmet Rallye findet Ihr in den unteren Men\u00fcpunkten!<\/p>\n<p><a href=\"http:\/\/gourmet-rallye.at\/index.php\/start-stift-schlierbach\/\" target=\"_blank\">Start Stift Schlierbach<\/a><\/p>\n<p><a href=\"http:\/\/gourmet-rallye.at\/index.php\/schloss-tannbach\/\" target=\"_blank\">Gourmet Pr\u00fcfung Schloss Tannbach<\/a><\/p>\n<p><span style=\"color: #0b0113;\"><a href=\"http:\/\/gourmet-rallye.at\/index.php\/mittagsrast-stift-melk\/\" target=\"_blank\">Mittagsrast Stift Melk<\/a><\/span><\/p>\n<p><a href=\"http:\/\/gourmet-rallye.at\/index.php\/gourmet-pruefung-waidhofen-an-der-ybbs\/\">Gourmet Pr\u00fcfung Waidhofen an der Ybbs<\/a><\/p>\n<p><a href=\"http:\/\/gourmet-rallye.at\/index.php\/haflinger-pruefung-oberschlierbach\/\" target=\"_blank\">Haflinger Showpr\u00fcfung Oberschlierbach<\/a><\/p>\n<p><a href=\"http:\/\/gourmet-rallye.at\/index.php\/zieleinlauf-kirchdorf\/\" target=\"_blank\">Zieleinlauf Kirchdorf an der Krems<\/a><\/p>\n<p><a href=\"http:\/\/gourmet-rallye.at\/index.php\/siegerehrung-stift-schlierbach\/\" target=\"_blank\">Siegerehrung Stift Schlierbach<\/a><\/p>\n<p><a href=\"http:\/\/gourmet-rallye.at\/wp-content\/uploads\/2017\/07\/IMG_0488.jpg\" rel=\"attachment wp-att-463\"><img decoding=\"async\" loading=\"lazy\" class=\"size-medium wp-image-463\" src=\"http:\/\/gourmet-rallye.at\/wp-content\/uploads\/2017\/07\/IMG_0488-300x200.jpg\" alt=\"Copyright by Guenter Niedermann\" width=\"300\" height=\"200\" srcset=\"https:\/\/gourmet-rallye.at\/wp-content\/uploads\/2017\/07\/IMG_0488-300x200.jpg 300w, https:\/\/gourmet-rallye.at\/wp-content\/uploads\/2017\/07\/IMG_0488-768x512.jpg 768w, https:\/\/gourmet-rallye.at\/wp-content\/uploads\/2017\/07\/IMG_0488-1024x683.jpg 1024w, https:\/\/gourmet-rallye.at\/wp-content\/uploads\/2017\/07\/IMG_0488-24x16.jpg 24w, https:\/\/gourmet-rallye.at\/wp-content\/uploads\/2017\/07\/IMG_0488-36x24.jpg 36w, https:\/\/gourmet-rallye.at\/wp-content\/uploads\/2017\/07\/IMG_0488-48x32.jpg 48w\" sizes=\"(max-width: 300px) 100vw, 300px\" \/><\/a><\/p>\n<p>Copyright by Guenter Niedermann<\/p>\n","protected":false},"excerpt":{"rendered":"<p>Die besten Fotos der 4. Internationalen Gourmet Rallye findet Ihr in den unteren Men\u00fcpunkten! Start Stift Schlierbach Gourmet Pr\u00fcfung Schloss Tannbach Mittagsrast Stift Melk Gourmet Pr\u00fcfung Waidhofen an der Ybbs Haflinger Showpr\u00fcfung Oberschlierbach Zieleinlauf Kirchdorf an der Krems Siegerehrung Stift Schlierbach Copyright by Guenter Niedermann<\/p>\n","protected":false},"author":3,"featured_media":0,"parent":0,"menu_order":0,"comment_status":"closed","ping_status":"closed","template":"","meta":[],"_links":{"self":[{"href":"https:\/\/gourmet-rallye.at\/index.php\/wp-json\/wp\/v2\/pages\/462"}],"collection":[{"href":"https:\/\/gourmet-rallye.at\/index.php\/wp-json\/wp\/v2\/pages"}],"about":[{"href":"https:\/\/gourmet-rallye.at\/index.php\/wp-json\/wp\/v2\/types\/page"}],"author":[{"embeddable":true,"href":"https:\/\/gourmet-rallye.at\/index.php\/wp-json\/wp\/v2\/users\/3"}],"replies":[{"embeddable":true,"href":"https:\/\/gourmet-rallye.at\/index.php\/wp-json\/wp\/v2\/comments?post=462"}],"version-history":[{"count":7,"href":"https:\/\/gourmet-rallye.at\/index.php\/wp-json\/wp\/v2\/pages\/462\/revisions"}],"predecessor-version":[{"id":703,"href":"https:\/\/gourmet-rallye.at\/index.php\/wp-json\/wp\/v2\/pages\/462\/revisions\/703"}],"wp:attachment":[{"href":"https:\/\/gourmet-rallye.at\/index.php\/wp-json\/wp\/v2\/media?parent=462"}],"curies":[{"name":"wp","href":"https:\/\/api.w.org\/{rel}","templated":true}]}}